{"id":8,"date":"2023-08-17T01:15:17","date_gmt":"2023-08-16T23:15:17","guid":{"rendered":"http:\/\/www.energievertefrance.fr\/?page_id=8"},"modified":"2023-08-17T02:13:20","modified_gmt":"2023-08-17T00:13:20","slug":"home","status":"publish","type":"page","link":"https:\/\/www.energievertefrance.fr\/","title":{"rendered":"Vous accompagner dans votre transition \u00e9nerg\u00e9tique."},"content":{"rendered":"\n<section class=\"wp-block-group alignwide has-medium-font-size is-vertical is-content-justification-stretch is-layout-flex wp-container-core-group-is-layout-b16ad781 wp-block-group-is-layout-flex\">\n<div class=\"wp-block-cover alignfull is-light wp-duotone-unset-1\" style=\"margin-top:0;min-height:650px;aspect-ratio:unset;\"><span aria-hidden=\"true\" class=\"wp-block-cover__background has-black-background-color has-background-dim-0 has-background-dim\"><\/span><img loading=\"lazy\" decoding=\"async\" width=\"2560\" height=\"1707\" class=\"wp-block-cover__image-background wp-image-19\" alt=\"\" src=\"http:\/\/www.energievertefrance.fr\/wp-content\/uploads\/2023\/08\/10477-scaled.jpg\" style=\"object-position:50% 60%\" data-object-fit=\"cover\" data-object-position=\"50% 60%\" srcset=\"https:\/\/www.energievertefrance.fr\/wp-content\/uploads\/2023\/08\/10477-scaled.jpg 2560w, https:\/\/www.energievertefrance.fr\/wp-content\/uploads\/2023\/08\/10477-300x200.jpg 300w, https:\/\/www.energievertefrance.fr\/wp-content\/uploads\/2023\/08\/10477-1024x683.jpg 1024w, https:\/\/www.energievertefrance.fr\/wp-content\/uploads\/2023\/08\/10477-768x512.jpg 768w, https:\/\/www.energievertefrance.fr\/wp-content\/uploads\/2023\/08\/10477-1536x1024.jpg 1536w, https:\/\/www.energievertefrance.fr\/wp-content\/uploads\/2023\/08\/10477-2048x1365.jpg 2048w\" sizes=\"auto, (max-width: 2560px) 100vw, 2560px\" \/><div class=\"wp-block-cover__inner-container is-layout-flow wp-block-cover-is-layout-flow\">\n<div class=\"wp-block-columns alignwide are-vertically-aligned-center is-layout-flex wp-container-core-columns-is-layout-9d6595d7 wp-block-columns-is-layout-flex\">\n<div class=\"wp-block-column is-vertically-aligned-center is-layout-flow wp-block-column-is-layout-flow\">\n<h1 class=\"wp-block-heading has-text-align-center\" style=\"font-size:62px\">D\u00e9buter votre transition \u00e9nerg\u00e9tique !<\/h1>\n\n\n\n<div class=\"wp-block-buttons is-content-justification-center is-layout-flex wp-container-core-buttons-is-layout-16018d1d wp-block-buttons-is-layout-flex\">\n<div class=\"wp-block-button\"><a class=\"wp-block-button__link has-text-align-center wp-element-button\"><strong>Contactez nous !<\/strong><\/a><\/div>\n<\/div>\n<\/div>\n<\/div>\n<\/div><\/div>\n\n\n\n<div style=\"height:82px\" aria-hidden=\"true\" class=\"wp-block-spacer wp-container-content-7b017739\"><\/div>\n\n\n\n<div class=\"wp-block-group is-vertical is-layout-flex wp-container-core-group-is-layout-8cf370e7 wp-block-group-is-layout-flex\">\n<h2 class=\"wp-block-heading\">Ensemble vers un Avenir Plus Vert et Durable<\/h2>\n\n\n\n<p>Bienvenue chez EnergieVerteFrance, votre partenaire de confiance pour une transition \u00e9nerg\u00e9tique r\u00e9ussie gr\u00e2ce \u00e0 des solutions d&rsquo;\u00e9nergie renouvelable. Nous sommes d\u00e9termin\u00e9s \u00e0 vous aider \u00e0 adopter des sources d&rsquo;\u00e9nergie plus propres et \u00e0 r\u00e9duire votre empreinte carbone.<\/p>\n<\/div>\n\n\n\n<div style=\"height:40px\" aria-hidden=\"true\" class=\"wp-block-spacer wp-container-content-28f0cd9b\"><\/div>\n\n\n\n<h4 class=\"wp-block-heading\"><strong>Pourquoi Choisir les \u00c9nergies Renouvelables ?<\/strong><\/h4>\n\n\n\n<ul class=\"wp-block-list\">\n<li>B\u00e9n\u00e9ficiez d&rsquo;<mark style=\"background-color:rgba(0, 0, 0, 0)\" class=\"has-inline-color has-contrast-3-color\">\u00e9conomies \u00e0 long terme<\/mark> gr\u00e2ce \u00e0 des co\u00fbts \u00e9nerg\u00e9tiques r\u00e9duits.<\/li>\n\n\n\n<li>R\u00e9duisez votre d\u00e9pendance aux combustibles fossiles.<\/li>\n\n\n\n<li>Contribuez \u00e0 la pr\u00e9servation de l&rsquo;environnement pour les g\u00e9n\u00e9rations futures.<\/li>\n<\/ul>\n\n\n\n<div style=\"height:0px\" aria-hidden=\"true\" class=\"wp-block-spacer wp-container-content-28f0cd9b\"><\/div>\n\n\n\n<div class=\"wp-block-columns is-layout-flex wp-container-core-columns-is-layout-9d6595d7 wp-block-columns-is-layout-flex\">\n<div class=\"wp-block-column is-layout-flow wp-block-column-is-layout-flow\" style=\"flex-basis:100%\">\n<div class=\"wp-block-group is-nowrap is-layout-flex wp-container-core-group-is-layout-ad2f72ca wp-block-group-is-layout-flex\">\n<h4 class=\"wp-block-heading\"><strong>Pourquoi Choisir les \u00c9nergies Renouvelables ?<\/strong><\/h4>\n<\/div>\n<\/div>\n<\/div>\n<\/section>\n","protected":false},"excerpt":{"rendered":"<p>Ensemble vers un Avenir Plus Vert et Durable Bienvenue chez EnergieVerteFrance, votre partenaire de confiance pour une transition \u00e9nerg\u00e9tique r\u00e9ussie gr\u00e2ce \u00e0 des solutions d&rsquo;\u00e9nergie renouvelable. Nous sommes d\u00e9termin\u00e9s \u00e0 vous aider \u00e0 adopter des sources d&rsquo;\u00e9nergie plus propres et \u00e0 r\u00e9duire votre empreinte carbone. Pourquoi Choisir les \u00c9nergies Renouvelables ? Pourquoi Choisir les \u00c9nergies &#8230; <a title=\"Vous accompagner dans votre transition \u00e9nerg\u00e9tique.\" class=\"read-more\" href=\"https:\/\/www.energievertefrance.fr\/\" aria-label=\"En savoir plus sur Vous accompagner dans votre transition \u00e9nerg\u00e9tique.\">Lire la suite<\/a><\/p>\n","protected":false},"author":2,"featured_media":0,"parent":0,"menu_order":0,"comment_status":"closed","ping_status":"closed","template":"","meta":{"footnotes":""},"class_list":["post-8","page","type-page","status-publish"],"_links":{"self":[{"href":"https:\/\/www.energievertefrance.fr\/index.php\/wp-json\/wp\/v2\/pages\/8","targetHints":{"allow":["GET"]}}],"collection":[{"href":"https:\/\/www.energievertefrance.fr\/index.php\/wp-json\/wp\/v2\/pages"}],"about":[{"href":"https:\/\/www.energievertefrance.fr\/index.php\/wp-json\/wp\/v2\/types\/page"}],"author":[{"embeddable":true,"href":"https:\/\/www.energievertefrance.fr\/index.php\/wp-json\/wp\/v2\/users\/2"}],"replies":[{"embeddable":true,"href":"https:\/\/www.energievertefrance.fr\/index.php\/wp-json\/wp\/v2\/comments?post=8"}],"version-history":[{"count":21,"href":"https:\/\/www.energievertefrance.fr\/index.php\/wp-json\/wp\/v2\/pages\/8\/revisions"}],"predecessor-version":[{"id":52,"href":"https:\/\/www.energievertefrance.fr\/index.php\/wp-json\/wp\/v2\/pages\/8\/revisions\/52"}],"wp:attachment":[{"href":"https:\/\/www.energievertefrance.fr\/index.php\/wp-json\/wp\/v2\/media?parent=8"}],"curies":[{"name":"wp","href":"https:\/\/api.w.org\/{rel}","templated":true}]}}